{"id":1422,"date":"2019-07-25T18:45:32","date_gmt":"2019-07-26T01:45:32","guid":{"rendered":"https:\/\/ppeppd.org\/ppeppd2023\/?page_id=1422"},"modified":"2022-10-15T08:57:36","modified_gmt":"2022-10-15T06:57:36","slug":"committees","status":"publish","type":"page","link":"https:\/\/ppeppd.org\/ppeppd2023\/committees\/","title":{"rendered":"Committees"},"content":{"rendered":"<h4 class=\"wp-block-heading\"><b>Honorary Member<\/b><\/h4><p>John O&#8217;Connell, University of Virginia, USA<\/p><h4 class=\"wp-block-heading\"><b>International Organizing Committee<\/b><\/h4><p> Lourdes Vega, Chair PPEPPD2023, Khalifa University, United Arab Emirates<br> Ioannis Economou, vice-Chair PPEPPD2023, Texas A&amp;M, Qatar<br> F\u00e8lix Llovell, vice-Chair PPEPPD2023, Universitat Rovira i Virgili, Spain<br> John Shaw, U. Alberta, Canada<br> Maria Eug\u00e9nia Rebello de A. Macedo, U do Porto, Portugal<br> Sabine Enders, Chair PPEPPD2025, Karlsruher Institut f\u00fcr Technologie, Germany<br> Joachim Gross, U. Stuttgart, Germany<br> Clare McCabe, U. Vanderbilt, USA<br> Jean-Charles de Hemptinne, IFPEN, France<br> Joan Brennecke, U. Texas at Austin, USA<br> Pedro de Alc\u00e2ntara Pessoa Filho, U S\u00e3o Paulo, Brazil<br> Xiaohua Lu, Nanjing University of Technology, China<br> Hiroyuki Matsuda, Nihon University, Japan<br> Amparo Galindo, Imperial College, UK<br> Miranda Mooijer, Shell, Netherlands<br> Shuangliang Zhao, Guangxi University \/ East China University of Science and Technology, China<br> Ian Bell, NIST, USA <\/p><h4 class=\"wp-block-heading\"><b>Local Organizing Committee<\/b> <\/h4><p> Lourdes Vega, Chair PPEPPD2023, Khalifa University, United Arab Emirates <br> F\u00e8lix Llovell, vice-Chair PPEPPD2023, Universitat Rovira i Virgili, Spain<br> Ioannis Economou, vice-Chair PPEPPD2023, Texas A&amp;M, Qatar <br> Jordi Torn\u00e9, web master, Akalta, Spain<br> S. Bel\u00e9n Rodriguez Reartes, Universitat Rovira i Virgili, Spain \/ Universidad Nacional del Sur &#8211; CONICET, Argentina<br> Carlos Alb\u00e1,  Universitat Rovira i Virgili, Spain <br> Luan Alencar,  Universitat Rovira i Virgili, Spain \/ Universidade Federal do Rio de Janeiro, Brazil<br> Merve G\u00f6zdenur Demirbek,  Universitat Rovira i Virgili, Spain <br> Daniel Bahamon, Khalifa University, United Arab Emirates<br> Ismail Alkhatib, Khalifa University, United Arab Emirates<br> Amro Mohamed, Texas A&amp;M, Qatar<\/p><p><br>   <\/p><p><\/p>","protected":false},"excerpt":{"rendered":"<p>Honorary Member John O&#8217;Connell, University of Virginia, USA International Organizing Committee Lourdes Vega, Chair PPEPPD2023, Khalifa University, United Arab Emirates Ioannis Economou, vice-Chair PPEPPD2023, Texas A&amp;M, Qatar F\u00e8lix Llovell, vice-Chair PPEPPD2023, Universitat Rovira i Virgili, Spain John Shaw, U. Alberta, Canada Maria Eug\u00e9nia Rebello de A. Macedo, U do Porto, Portugal Sabine Enders, Chair PPEPPD2025,&hellip;<\/p>\n","protected":false},"author":9,"featured_media":0,"parent":0,"menu_order":0,"comment_status":"closed","ping_status":"closed","template":"","meta":{"footnotes":""},"class_list":["post-1422","page","type-page","status-publish","hentry"],"_links":{"self":[{"href":"https:\/\/ppeppd.org\/ppeppd2023\/wp-json\/wp\/v2\/pages\/1422","targetHints":{"allow":["GET"]}}],"collection":[{"href":"https:\/\/ppeppd.org\/ppeppd2023\/wp-json\/wp\/v2\/pages"}],"about":[{"href":"https:\/\/ppeppd.org\/ppeppd2023\/wp-json\/wp\/v2\/types\/page"}],"author":[{"embeddable":true,"href":"https:\/\/ppeppd.org\/ppeppd2023\/wp-json\/wp\/v2\/users\/9"}],"replies":[{"embeddable":true,"href":"https:\/\/ppeppd.org\/ppeppd2023\/wp-json\/wp\/v2\/comments?post=1422"}],"version-history":[{"count":32,"href":"https:\/\/ppeppd.org\/ppeppd2023\/wp-json\/wp\/v2\/pages\/1422\/revisions"}],"predecessor-version":[{"id":1952,"href":"https:\/\/ppeppd.org\/ppeppd2023\/wp-json\/wp\/v2\/pages\/1422\/revisions\/1952"}],"wp:attachment":[{"href":"https:\/\/ppeppd.org\/ppeppd2023\/wp-json\/wp\/v2\/media?parent=1422"}],"curies":[{"name":"wp","href":"https:\/\/api.w.org\/{rel}","templated":true}]}}