{"id":18,"date":"2017-06-01T12:19:12","date_gmt":"2017-06-01T10:19:12","guid":{"rendered":"http:\/\/events.housing.ubc.ca\/?page_id=18"},"modified":"2022-10-09T08:23:00","modified_gmt":"2022-10-09T06:23:00","slug":"tarragona-area-attractions","status":"publish","type":"page","link":"https:\/\/ppeppd.org\/ppeppd2023\/destination\/tarragona-area-attractions\/","title":{"rendered":"La Pineda \/ Tarragona \/ Barcelona Area Attractions"},"content":{"rendered":"<strong>La Pineda<\/strong><br \/>\nThe venue is located in <a href=\"https:\/\/www.expedia.co.uk\/Things-To-Do-In-La-Pineda.d6046573.Travel-Guide-Activities?\" rel=\"noopener\" target=\"_blank\">la Pineda<\/a>, a beautiful beach in Costa Dorada, near several <a href=\"https:\/\/www.expedia.co.uk\/things-to-do\/portaventura-ferrari-land-caribe-aquatic-park-multi-day-admission.a472691.activity-details?endDate=2022-10-23&#038;filter.categories=Attractions&#038;location=La%20Pineda%2C%20Vila-Seca%2C%20Catalonia%2C%20Spain&#038;pwaDialog=&#038;rid=6046573&#038;sort=RECOMMENDED&#038;startDate=2022-10-09&#038;swp=on\" rel=\"noopener\" target=\"_blank\">amusement parks<\/a>, and popular touristic places such as Salou and Cambrils.\n\t\t\t\t<img loading=\"lazy\" decoding=\"async\" src=\"https:\/\/ppeppd.org\/ppeppd2023\/wp-content\/uploads\/2022\/10\/LaPineda4.jpg\" alt=\"LaPineda4\" itemprop=\"image\" height=\"436\" width=\"699\" title=\"LaPineda4\" onerror=\"this.style.display='none'\"  \/>\n\t\t\t\t<img loading=\"lazy\" decoding=\"async\" src=\"https:\/\/ppeppd.org\/ppeppd2023\/wp-content\/uploads\/2022\/10\/LaPineda2.jpg\" alt=\"LaPineda2\" itemprop=\"image\" height=\"1080\" width=\"1920\" title=\"LaPineda2\" onerror=\"this.style.display='none'\"  \/>\n\t\t\t\t<img loading=\"lazy\" decoding=\"async\" src=\"https:\/\/ppeppd.org\/ppeppd2023\/wp-content\/uploads\/2022\/10\/port_aventura.png\" alt=\"port_aventura\" itemprop=\"image\" height=\"164\" width=\"309\" title=\"port_aventura\" onerror=\"this.style.display='none'\"  \/>\n\t<strong>Tarragona<\/strong><br \/>\nTarragona, is a historical city, near la Pineda. In the year 45 BC and after constructing its walls and a port, Julio Cesar designated this colony with the name of &#8220;Colonia Urbs Triumphalis Tarraconensis&#8221;. The city was declared &#8220;World Heritage City&#8221; by UNESCO on the 30 of November of 2000. It has so much to offer, from the Roman areas to the vivid downtown, traditions such as the castells (human towers) and its beautiful beaches. It is also an important industrial area, where several chemical companies are located.  To know more about what to visit in Tarragona, click <a href=\"https:\/\/www.tarragonaturisme.cat\/en\/10-essential-visits-tarragona\" rel=\"noopener\" target=\"_blank\">here.<\/a>\n\t\t\t\t<img loading=\"lazy\" decoding=\"async\" src=\"https:\/\/ppeppd.org\/ppeppd2023\/wp-content\/uploads\/2022\/10\/tarragona_anfiteatro2.jpg\" alt=\"tarragona_anfiteatro2\" itemprop=\"image\" height=\"553\" width=\"1024\" title=\"tarragona_anfiteatro2\" onerror=\"this.style.display='none'\"  \/>\n\t\t\t\t<img loading=\"lazy\" decoding=\"async\" src=\"https:\/\/ppeppd.org\/ppeppd2023\/wp-content\/uploads\/2022\/10\/tarragona_ciutat_de_castells_1.jpg\" alt=\"tarragona_ciutat_de_castells_1\" itemprop=\"image\" height=\"900\" width=\"1200\" title=\"tarragona_ciutat_de_castells_1\" onerror=\"this.style.display='none'\"  \/>\n\t\t\t\t<img loading=\"lazy\" decoding=\"async\" src=\"https:\/\/ppeppd.org\/ppeppd2023\/wp-content\/uploads\/2022\/07\/tgn3.png\" alt=\"tgn3\" itemprop=\"image\" height=\"163\" width=\"309\" title=\"tgn3\" onerror=\"this.style.display='none'\"  \/>\n\t<strong>Barcelona<\/strong><br \/>\nLocated at 120 km from la Pineda, the cosmopolitan capital of Spain\u2019s Catalonia region, Barcelona, is known for its art and architecture, including the amazing Sagrada Fam\u00edlia church, the G\u00fcell park, and other modernist landmarks designed by Antoni Gaud\u00ed dot the city, Picasso Museum, and Fundaci\u00f3 Joan Mir\u00f3 featuring modern art by their namesakes, among others. In addition, the city is also known for its outstanding football team, lively nightlife, sandy beaches, and world-class cuisine, making it an attractive city for living and for hosting world-class conferences, expositions and international sport tournaments. Click <a href=\"https:\/\/www.barcelonaturisme.com\/wv3\/en\/\" rel=\"noopener\" target=\"_blank\">here<\/a> for more information on what to visit.\n\t\t\t\t<img loading=\"lazy\" decoding=\"async\" src=\"https:\/\/ppeppd.org\/ppeppd2023\/wp-content\/uploads\/2022\/10\/park-guell.jpg\" alt=\"park-guell\" itemprop=\"image\" height=\"670\" width=\"1024\" title=\"park-guell\" onerror=\"this.style.display='none'\"  \/>\n\t\t\t\t<img loading=\"lazy\" decoding=\"async\" src=\"https:\/\/ppeppd.org\/ppeppd2023\/wp-content\/uploads\/2022\/10\/La-Sagrada-Familia-Basilica-in-Barcelona-1024x768-1.jpg\" alt=\"La-Sagrada-Familia-Basilica-in-Barcelona-1024x768\" itemprop=\"image\" height=\"768\" width=\"1024\" title=\"La-Sagrada-Familia-Basilica-in-Barcelona-1024x768\" onerror=\"this.style.display='none'\"  \/>\n\t\t\t\t<img loading=\"lazy\" decoding=\"async\" src=\"https:\/\/ppeppd.org\/ppeppd2023\/wp-content\/uploads\/2022\/10\/las-ramblas001.jpg\" alt=\"las-ramblas001\" itemprop=\"image\" height=\"590\" width=\"900\" title=\"las-ramblas001\" onerror=\"this.style.display='none'\"  \/>","protected":false},"excerpt":{"rendered":"<p>La Pineda The venue is located in la Pineda, a beautiful beach in Costa Dorada, near several amusement parks, and popular touristic places such as Salou and Cambrils. Tarragona Tarragona, is a historical city, near la Pineda. In the year 45 BC and after constructing its walls and a port, Julio Cesar designated this colony&hellip;<\/p>\n","protected":false},"author":9,"featured_media":0,"parent":12,"menu_order":0,"comment_status":"closed","ping_status":"closed","template":"","meta":{"footnotes":""},"class_list":["post-18","page","type-page","status-publish","hentry"],"_links":{"self":[{"href":"https:\/\/ppeppd.org\/ppeppd2023\/wp-json\/wp\/v2\/pages\/18","targetHints":{"allow":["GET"]}}],"collection":[{"href":"https:\/\/ppeppd.org\/ppeppd2023\/wp-json\/wp\/v2\/pages"}],"about":[{"href":"https:\/\/ppeppd.org\/ppeppd2023\/wp-json\/wp\/v2\/types\/page"}],"author":[{"embeddable":true,"href":"https:\/\/ppeppd.org\/ppeppd2023\/wp-json\/wp\/v2\/users\/9"}],"replies":[{"embeddable":true,"href":"https:\/\/ppeppd.org\/ppeppd2023\/wp-json\/wp\/v2\/comments?post=18"}],"version-history":[{"count":26,"href":"https:\/\/ppeppd.org\/ppeppd2023\/wp-json\/wp\/v2\/pages\/18\/revisions"}],"predecessor-version":[{"id":1940,"href":"https:\/\/ppeppd.org\/ppeppd2023\/wp-json\/wp\/v2\/pages\/18\/revisions\/1940"}],"up":[{"embeddable":true,"href":"https:\/\/ppeppd.org\/ppeppd2023\/wp-json\/wp\/v2\/pages\/12"}],"wp:attachment":[{"href":"https:\/\/ppeppd.org\/ppeppd2023\/wp-json\/wp\/v2\/media?parent=18"}],"curies":[{"name":"wp","href":"https:\/\/api.w.org\/{rel}","templated":true}]}}